{"id":16420,"date":"2024-11-22T22:50:27","date_gmt":"2024-11-22T19:50:27","guid":{"rendered":"https:\/\/burcukayahotel.com\/gizlilik-politikasi\/"},"modified":"2024-11-27T18:27:40","modified_gmt":"2024-11-27T15:27:40","slug":"gizlilik","status":"publish","type":"page","link":"https:\/\/burcukayahotel.com\/tr\/gizlilik\/","title":{"rendered":"Gizlilik Politikas\u0131"},"content":{"rendered":"\r\n<p>Bu Gizlilik Politikas\u0131, web sitelerimizi ve mobil uygulamalar\u0131m\u0131z\u0131 kulland\u0131\u011f\u0131n\u0131zda veya konukseverlik hizmetlerimizden yararland\u0131\u011f\u0131n\u0131zda bize sundu\u011funuz Ki\u015fisel Verilerinizi nas\u0131l toplad\u0131\u011f\u0131m\u0131z, tan\u0131mlad\u0131\u011f\u0131m\u0131z ve kulland\u0131\u011f\u0131m\u0131z hakk\u0131nda sizi bilgilendirmeyi ama\u00e7lamaktad\u0131r. L\u00fctfen bu Gizlilik Politikas\u0131\u2019n\u0131 dikkatle okumak i\u00e7in zaman ay\u0131r\u0131n. Bir ba\u015fkas\u0131na ait Ki\u015fisel Verileri bize vermeyi planl\u0131yorsan\u0131z, \u00f6rne\u011fin bir ba\u015fkas\u0131 ad\u0131na bir rezervasyon yapt\u0131\u011f\u0131n\u0131zda oldu\u011fu gibi, yanl\u0131zca s\u00f6z konusu ki\u015finin onay\u0131 ile ve bu Gizlilik Politikas\u0131\u2019nda belirtilenler dahil ki\u015finin bilgilerini nas\u0131l kullanaca\u011f\u0131m\u0131za ili\u015fkin bilgilere eri\u015fimini sa\u011flad\u0131ktan sonra verebilece\u011finizi unutmay\u0131n.<\/p>\r\n<p>Ziyaret\u00e7i taraf\u0131ndan g\u00f6n\u00fcll\u00fc olarak verilmedi\u011fi s\u00fcrece web sitelerimiz yada mobil uygulamalar\u0131m\u0131z kullan\u0131c\u0131s\u0131 hakk\u0131nda ki\u015fisel bilgileri toplamamaktad\u0131r.<\/p>\r\n<p>BURCU KAYA OTEL olarak kullan\u0131c\u0131 ve m\u00fc\u015fterilerimizin gizlili\u011fini korumay\u0131 taahh\u00fct ederiz.<\/p>\r\n<h3 class=\"wp-block-heading\">OTEL REZERVASYON S\u00dcRES\u0130NCE<\/h3>\r\n<p>Otel rezervasyon s\u00fcreci kapsam\u0131nda \u2013 ister \u00e7evrimi\u00e7i olarak web sitelerimizden birinde, isterse bir \u00e7evrimi\u00e7i rezervasyon kanal\u0131, seyahat acentas\u0131, \u00e7a\u011fr\u0131 merkezimiz veya do\u011frudan otelde ger\u00e7ekle\u015ftirilsin, \u2013 Ki\u015fisel Verilerinizi (i) otelde bir oda rezervasyonu yapabilmeniz; (ii) otelin m\u00fcsaitli\u011fini do\u011frulama ve rezervasyonu y\u00f6netme; (iii) size bir rezervasyon onay\u0131 g\u00f6nderme; ve (iv) size ticari olmayan var\u0131\u015f \u00f6ncesi e-postalar\u0131 g\u00f6ndermek amac\u0131yla i\u015fleriz. Var\u0131\u015f \u00f6ncesi e-posta aboneliklerini size g\u00f6nderdi\u011fimiz e-postalarda bulunan abonelikten \u00e7\u0131k ba\u011flant\u0131s\u0131na t\u0131klayarak herhangi bir zamanda iptal edebilirsiniz.<\/p>\r\n<h3>H\u0130ZMET E-POSTA ANAL\u0130ZLER\u0130<\/h3>\r\n<p>Misafir memnuniyeti anket e-postalar\u0131 ve rezervasyonunuza ili\u015fkin herhangi bir var\u0131\u015f \u00f6ncesi e-posta dahil hizmet e-postlar\u0131 ba\u011flam\u0131nda, \u00f6zellikle de analiz ama\u00e7lar\u0131 do\u011frultusunda t\u0131klama oran\u0131n\u0131 \u00f6l\u00e7mek ve hizmet e-postalar\u0131m\u0131z\u0131n i\u00e7eri\u011fini iyile\u015ftirmek i\u00e7in bir hizmet e-postas\u0131n\u0131 a\u00e7t\u0131\u011f\u0131n\u0131z\u0131 ve i\u015flem yapt\u0131\u011f\u0131n\u0131z\u0131 belirlemek ba\u015fta olmak \u00fczere Ki\u015fisel Verilerinizi i\u015fleyebilir ve toplayabiliriz. Hizmet e-posta aboneliklerini size g\u00f6nderdi\u011fimiz e-postalarda bulunan abonelikten \u00e7\u0131k ba\u011flant\u0131s\u0131na t\u0131klayarak herhangi bir zamanda iptal edebilirsiniz.<\/p>\r\n<h3>OTELE G\u0130R\u0130\u015e VE OTELDEN \u00c7IKI\u015e<\/h3>\r\n<p>Otelimizde kal\u0131rken, Ki\u015fisel verilerinizi (i) otele var\u0131\u015f ve otelden ayr\u0131l\u0131\u015f\u0131n\u0131z\u0131 kaydetmek; (ii) odan\u0131za bir anahtar kart\u0131 tahsis etmek ; (iii) konaklaman\u0131z\u0131n \u00f6demesini sa\u011flamak i\u00e7in bir kredi kart\u0131 garantisi veya otel depozitosu almak; (iv) Otel kay\u0131t kart\u0131n\u0131z\u0131 d\u00fczenlemek (ve ar\u015fivlemek); (v) otel y\u00f6netim sistemimizde profilinizi olu\u015fturmak ve g\u00fcncellemek; (vi) oda y\u00fckseltme i\u00e7in niteliklerinizi de\u011ferlendirmek ve uygunsa d\u00fczenlemek; (vii) konaklama \u00f6demenizi d\u00fczenlemek; (viii) konaklaman\u0131z i\u00e7in bir fatura olu\u015fturmak, basmak veya g\u00f6ndermek; ve (ix) (varsa) seyahat acentan\u0131za bir komisyon \u00f6demek i\u00e7in toplar\u0131z.<\/p>\r\n<p>Otelimizde oda rezervasyonu yapman\u0131z ancak \u2013 iptal etmeksizin \u2013 size bildirilen tarihte gelmemeniz durumunda, Ki\u015fisel Verilerinizi (i) konaklaman\u0131z\u0131 ve yapm\u0131\u015f olabilece\u011finiz di\u011fer rezervasyonlar\u0131 iptal etmek; ve (ii) vadesi dolmu\u015f \u00f6demeleri d\u00fczenlemek, i\u015flemek ve tahsil etmek i\u00e7in i\u015fleriz.<\/p>\r\n<h3>OTEL KONAKLAMASI<\/h3>\r\n<p>Otelimizde konaklad\u0131\u011f\u0131n\u0131zda, konaklaman\u0131z\u0131 m\u00fcmk\u00fcn oldu\u011funca zevkli hale getirmek i\u00e7in \u00e7aba harcar\u0131z. Bu, otel konaklaman\u0131z s\u0131ras\u0131nda spesifik hizmetleri sunmak amac\u0131yla Ki\u015fisel Verilerininiz i\u015flenmesini gerektirir. Bu hizmetlere, bizimle konaklaman\u0131z s\u0131ras\u0131nda daha iyi hizmet vermek i\u00e7in (i) kat hizmetleri ve bak\u0131m; (ii) kaybolan veya unutulan e\u015fyalar\u0131n size geri verilmesi; ve\/veya (iii) sizin ve sizinle birlikte konaklayan misafirlerin\u2019 diyet gereklilikleri ve yast\u0131k tercihleri gibi tercihlerinin d\u00fczenlemesi dahildir.<\/p>\r\n<h3>OTEL M\u0130SAF\u0130RLER\u0130 EK H\u0130ZMETLER VE OLANAKLAR<\/h3>\r\n<p>Otelimizde, kahvalt\u0131, oda servisi, minibar, havuz, restoranlar, bar, spa bak\u0131mlar\u0131, \u00e7ama\u015f\u0131r y\u0131kama hizmetleri, otopark, taksi talepleri, \u00fccretsiz Wi-Fi vs. gibi ek hizmet ve olanaklardan yararlanabilirsiniz. Otelimizde ek hizmet ve olanaklar\u0131 kullanman\u0131z durumunda, Ki\u015fisel Verileriniz (i) s\u00f6z konusu ek otel hizmetleri ve\/veya olanaklar\u0131n\u0131n rezervasyonu ve kullan\u0131m\u0131n\u0131 d\u00fczenlemek; (ii) dosyan\u0131zda ek hizmet ve\/veya olanaklar\u0131n erken rezervasyonunu d\u00fczenlemek; (iii) yeniden ziyaret eden otel misafirlerinin otele var\u0131\u015f\u0131n\u0131 ve oda ikramlar\u0131 ve oda \u00f6zellikleri tercihlerini ki\u015fiselle\u015ftirmek; ve (iv) s\u00f6z konusu ek hizmet ve olanaklardan do\u011fan harcamalar\u0131 d\u00fczenlemek i\u00e7in i\u015flenebilir.<\/p>\r\n<p>Ki\u015fisel bilgiler ve bu veriler sadece belirtilen ama\u00e7lar i\u00e7in ve yasal soru\u015fturmalar esnas\u0131nda mahkeme karar\u0131 gere\u011fi veya yasal prosed\u00fcrler gerektirdi\u011fi takdirde kullan\u0131lmaktad\u0131r.<\/p>\r\n<h3>HABER B\u00dcLTENLER\u0130M\u0130ZE ABONEL\u0130K<\/h3>\r\n<p>E\u011fer, Burcu Kaya Otel ile ilgili olanlar dahil haber b\u00fcltenlerimizi ve pazarlama ileti\u015fimlerimizi almaya a\u00e7\u0131k bir \u015fekilde onay verdiyseniz, zaman zaman hizmetlerimiz ve en son tekliflerimiz hakk\u0131nda size ula\u015fabiliriz ve bu ama\u00e7la Ki\u015fisel Verilerinizi i\u015fleyebiliriz.<\/p>\r\n<p>E\u011fer haber b\u00fcltenlerimizi ve pazarlama ileti\u015fimlerimizi art\u0131k almak istemezseniz, l\u00fctfen info@burcukayaotel.com adresine bir e-posta g\u00f6ndererek bize bildirin. Ayr\u0131ca, pazarlama e-posta aboneliklerini size g\u00f6nderdi\u011fimiz e-postalarda bulunan abonelikten \u00e7\u0131k ba\u011flant\u0131s\u0131na t\u0131klayarak herhangi bir zamanda iptal edebilirsiniz.<\/p>\r\n<h3>HABER B\u00dcLTENLER\u0130 VE PAZARLAMA \u0130LET\u0130\u015e\u0130MLER\u0130 ANAL\u0130ZLER\u0130<\/h3>\r\n<p>Haber b\u00fcltenlerimiz ve pazarlama ileti\u015fimlerimiz ba\u011flam\u0131nda, \u00f6zellikle de ileti\u015fimlerimizden birini a\u00e7\u0131p a\u00e7mad\u0131\u011f\u0131n\u0131z ve etkile\u015fimde bulunup bulunmad\u0131\u011f\u0131n\u0131z ba\u015fta olmak \u00fczere, t\u0131klama oran\u0131n\u0131 \u00f6l\u00e7mek ve haber b\u00fcltenlerimiz ve pazarlama ileti\u015fimlerimizin i\u00e7eri\u011fini iyile\u015ftirmek i\u00e7in analiz ama\u00e7lar\u0131 do\u011frultusunda da Ki\u015fisel Verilerinizi i\u015fleyebilir ve toplayabiliriz.<\/p>\r\n<h3>K\u0130\u015e\u0130SEL OLMAYAN D\u0130\u011eER KULLANICI B\u0130LG\u0130LER\u0130N\u0130N TOPLANMASI<\/h3>\r\n<p>Ziyaret\u00e7ilerimizin web sitesindeki dola\u015f\u0131mlar\u0131 s\u0131ras\u0131nda, kullan\u0131c\u0131 yo\u011funlu\u011fu, ziyaret edilen b\u00f6l\u00fcmler, t\u0131klanan alanlar gibi \u00f6zellikleri otomatik ve isimsiz olarak toplamaktad\u0131r. Bu veriler sadece b\u00f6l\u00fcmlerin, farkl\u0131 alanlar\u0131n izlenme, takip edilme oranlar\u0131n\u0131n tespiti i\u00e7in kullan\u0131lmakta ve herhangi bir ziyaret\u00e7inin ki\u015fisel bilgileri ile ili\u015fkilendirilmemektedir. Sayfalar\u0131n nereden ge\u00e7erek ya da ne \u015fekilde ziyaret edildi\u011fini belirleyen \u201ccookie\u201d (\u00e7erez) adl\u0131 teknolojinin kullan\u0131ld\u0131\u011f\u0131 durumlarda ayn\u0131 \u015fekilde sitenin farkl\u0131 alanlar\u0131n\u0131n izlenme, t\u0131klanma oranlar\u0131n\u0131n belirlenmesinde istatistiki veri olarak toplanmakta olup ki\u015fiye \u00f6zel yap\u0131lan bir uygulama de\u011fildir. Bu teknoloji ile ama\u00e7lanan kullan\u0131c\u0131lar\u0131n daha s\u0131kl\u0131kla ziyaret ettikleri b\u00f6l\u00fcmlere ait i\u00e7eri\u011fi, siteye ilk ziyaretinden itibaren kullan\u0131c\u0131 i\u00e7in daha kolay ula\u015f\u0131labilir k\u0131lmakt\u0131r.<\/p>\r\n<h3>\u00c7EREZLER\u0130 NASIL KULLANIYORUZ<\/h3>\r\n<p>\u00c7erez (cookie) bilgisayar\u0131n\u0131z\u0131n sabit diskine kendini kaydetmek \u00fczere sizden izin isteyen bir k\u00fc\u00e7\u00fck program dosyas\u0131d\u0131r. Siz bu izni verdi\u011finizde dosya sabit diskinize kaydedilir. Bu programlar web trafi\u011fini analiz eder ve belli bir siteyi ziyaret etti\u011finizde size bilgi verir.<\/p>\r\n<p>\u00c7erezler internet uygulamalar\u0131n\u0131n size g\u00f6re ki\u015fiselle\u015ftirilmi\u015f \u015fekilde i\u015flemelerine imk\u00e2n yarat\u0131r. Sizin tercihleriniz hakk\u0131nda bilgi toplay\u0131p, saklayarak uygulaman\u0131n sizin ihtiya\u00e7lar\u0131n\u0131za, sevdi\u011finiz ya da sevmedi\u011finiz \u015feylere g\u00f6re \u00e7al\u0131\u015fmas\u0131n\u0131 ki\u015fiselle\u015ftirmesine imkan tan\u0131r.<\/p>\r\n<p>Web sitemizde hangi sayfalar\u0131 ziyaret etti\u011finizi g\u00f6steren trafik takip \u00e7erezleri kullan\u0131yoruz. Bu \u00e7erezler hangi sayfalar\u0131n ne s\u0131kl\u0131kla ziyaret edildi\u011fini g\u00f6stererek web sitemizi m\u00fc\u015fteri tercihlerine g\u00f6re \u015fekillendirme imk\u00e2n\u0131 tan\u0131nmakta olup bu bilgiler Burcu Kaya Otel taraf\u0131ndan sadece istatistiki analiz i\u00e7in kullan\u0131ld\u0131ktan sonra sistemden otomatik olarak silinmektedir.<\/p>\r\n<p>Bir \u00e7erez program\u0131 hi\u00e7 bir zaman bilgisayar\u0131n\u0131za ve bizimle payla\u015ft\u0131klar\u0131n\u0131z\u0131n d\u0131\u015f\u0131ndaki ki\u015fisel bilgilerinize eri\u015fmemize olanak sa\u011flamaz.<\/p>\r\n<p>\u00c7erezleri kabul edip etmemek sizin se\u00e7iminize ba\u011fl\u0131d\u0131r. \u00c7o\u011fu web taray\u0131c\u0131s\u0131 otomatik olarak \u00e7erezlere izin verir, ancak taray\u0131c\u0131 ayarlar\u0131n\u0131 de\u011fi\u015ftirerek \u00e7erez almamay\u0131 se\u00e7ebilirsiniz. Bu durumda web sitemizin t\u00fcm olanaklar\u0131ndan faydalanamayabilirsiniz.<\/p>\r\n<h3>\u00dc\u00c7\u00dcNC\u00dc TARAF WEB S\u0130TELER\u0130<\/h3>\r\n<p>E\u011fer bir \u00dc\u00e7\u00fcnc\u00fc Taraf web sitesine giden bir ba\u011flant\u0131ya t\u0131klarsan\u0131z, kontrol etmedi\u011fimiz bir web sitesine y\u00f6nlendirilirsiniz ve Gizlilik Politikam\u0131z art\u0131k ge\u00e7erli de\u011fildir. Herhangi bir ba\u015fka web sitesini taraman\u0131z ve etkile\u015fiminiz, s\u00f6z konusu \u00dc\u00e7\u00fcnc\u00fc Taraf web sitesinin kullan\u0131m ko\u015fullar\u0131, gizlilik ve di\u011fer politikalar\u0131na tabidir. Ba\u015fka web sitelerinin gizlilik politikalar\u0131n\u0131 dikkatle okuyun. Bu t\u00fcr \u00dc\u00e7\u00fcnc\u00fc Taraf web sitelerinde bulunan bilgi veya i\u00e7erikten sorumlu veya y\u00fck\u00fcml\u00fc de\u011filiz.<\/p>\r\n<h3>POL\u0130T\u0130KAMIZDAK\u0130 DE\u011e\u0130\u015e\u0130KL\u0130KLER<\/h3>\r\n<p>Bu Gizlilik Politikas\u0131\u2019n\u0131 zaman zaman de\u011fi\u015ftirme ve g\u00fcncelleme hakk\u0131m\u0131z\u0131 sakl\u0131 tutar\u0131z. E\u011fer bu de\u011fi\u015fiklikler, i\u015fleme konusunda \u00f6nemli de\u011fi\u015fiklikler i\u00e7eriyorsa veya i\u015flemenin do\u011fas\u0131 ile ilgili ise veya sizinle ilgili ve veri koruma haklar\u0131n\u0131z\u0131 etkiliyorsa bu de\u011fi\u015fiklikleri bilginize sunaca\u011f\u0131z.<\/p>\r\n<h3>\u0130LET\u0130\u015e\u0130M:<\/h3>\r\n<p>Bu Gizlilik Politikas\u0131 ile ilgili herhangi bir g\u00f6r\u00fc\u015f bildirmek, soru y\u00f6neltmek veya Gizlilik Politikas\u0131n\u0131n ihlali ile ilgili haber vermek isterseniz, ileti\u015fim linkinden faydalanabilir yada info@burcukayaotel.com adresine e-posta g\u00f6nderebilirsiniz. Burcu Kaya Otel bu talepleri kar\u015f\u0131lamak \u00fczere gerekli ad\u0131mlar\u0131 atacakt\u0131r.<\/p>\r\n<p>www.burcukayaotel.com web sitesini ziyaret eden her bir ziyaret\u00e7i b\u00fct\u00fcn bu \u015fartlar\u0131 okumu\u015f ve kabul etmi\u015f say\u0131l\u0131r.<\/p>\r\n","protected":false},"excerpt":{"rendered":"<p>Bu Gizlilik Politikas\u0131, web sitelerimizi ve mobil uygulamalar\u0131m\u0131z\u0131 kulland\u0131\u011f\u0131n\u0131zda veya konukseverlik hizmetlerimizden yararland\u0131\u011f\u0131n\u0131zda bize sundu\u011funuz Ki\u015fisel Verilerinizi nas\u0131l toplad\u0131\u011f\u0131m\u0131z, tan\u0131mlad\u0131\u011f\u0131m\u0131z ve kulland\u0131\u011f\u0131m\u0131z hakk\u0131nda sizi bilgilendirmeyi ama\u00e7lamaktad\u0131r. L\u00fctfen bu Gizlilik Politikas\u0131\u2019n\u0131 dikkatle okumak i\u00e7in zaman ay\u0131r\u0131n. Bir ba\u015fkas\u0131na ait Ki\u015fisel Verileri bize vermeyi planl\u0131yorsan\u0131z, \u00f6rne\u011fin bir ba\u015fkas\u0131 ad\u0131na bir rezervasyon yapt\u0131\u011f\u0131n\u0131zda oldu\u011fu gibi, yanl\u0131zca s\u00f6z konusu [&hellip;]<\/p>\n","protected":false},"author":2,"featured_media":0,"parent":0,"menu_order":0,"comment_status":"closed","ping_status":"closed","template":"","meta":{"footnotes":""},"class_list":["post-16420","page","type-page","status-publish","hentry"],"_links":{"self":[{"href":"https:\/\/burcukayahotel.com\/tr\/wp-json\/wp\/v2\/pages\/16420","targetHints":{"allow":["GET"]}}],"collection":[{"href":"https:\/\/burcukayahotel.com\/tr\/wp-json\/wp\/v2\/pages"}],"about":[{"href":"https:\/\/burcukayahotel.com\/tr\/wp-json\/wp\/v2\/types\/page"}],"author":[{"embeddable":true,"href":"https:\/\/burcukayahotel.com\/tr\/wp-json\/wp\/v2\/users\/2"}],"replies":[{"embeddable":true,"href":"https:\/\/burcukayahotel.com\/tr\/wp-json\/wp\/v2\/comments?post=16420"}],"version-history":[{"count":0,"href":"https:\/\/burcukayahotel.com\/tr\/wp-json\/wp\/v2\/pages\/16420\/revisions"}],"wp:attachment":[{"href":"https:\/\/burcukayahotel.com\/tr\/wp-json\/wp\/v2\/media?parent=16420"}],"curies":[{"name":"wp","href":"https:\/\/api.w.org\/{rel}","templated":true}]}}