{"id":16550,"date":"2024-11-27T17:04:37","date_gmt":"2024-11-27T14:04:37","guid":{"rendered":"https:\/\/burcukayahotel.com\/sartlar-ve-kosullar\/"},"modified":"2024-11-27T17:31:48","modified_gmt":"2024-11-27T14:31:48","slug":"hukum","status":"publish","type":"page","link":"https:\/\/burcukayahotel.com\/tr\/hukum\/","title":{"rendered":"H\u00fck\u00fcm ve Ko\u015fullar"},"content":{"rendered":"<p>H\u00fck\u00fcm ve Ko\u015fullar<\/p>\n<p>Son g\u00fcncelleme: 27 Kas\u0131m 2024<\/p>\n<p>L\u00fctfen Hizmetimizi kullanmadan \u00f6nce bu h\u00fck\u00fcm ve ko\u015fullar\u0131 dikkatlice okuyun.<\/p>\n<h2>Yorum ve Tan\u0131mlar<\/h2>\n<h3>Yorumlama<\/h3>\n<p>Ba\u015f harfi b\u00fcy\u00fck olan kelimeler a\u015fa\u011f\u0131daki ko\u015fullar alt\u0131nda tan\u0131mlanan anlamlara sahiptir. A\u015fa\u011f\u0131daki tan\u0131mlar, tekil veya \u00e7o\u011ful olarak g\u00f6r\u00fcnmelerine bak\u0131lmaks\u0131z\u0131n ayn\u0131 anlama gelecektir.<\/p>\n<h3>Tan\u0131mlar<\/h3>\n<p>Bu H\u00fck\u00fcm ve Ko\u015fullar\u0131n ama\u00e7lar\u0131 do\u011frultusunda: <strong>\u0130\u015ftirak<\/strong>, bir taraf\u0131 kontrol eden, taraf\u00e7a kontrol edilen veya tarafla ortak kontrol alt\u0131nda olan bir kurulu\u015f anlam\u0131na gelir; burada &#8220;kontrol&#8221;, y\u00f6neticilerin veya di\u011fer y\u00f6netim yetkilerinin se\u00e7ilmesi i\u00e7in oy kullanma hakk\u0131na sahip hisselerin, \u00f6z sermaye pay\u0131n\u0131n veya di\u011fer menkul k\u0131ymetlerin %50 veya daha fazlas\u0131na sahip olmak anlam\u0131na gelir. <strong>\u00dclke<\/strong> anlam\u0131na gelir: T\u00fcrkiye <strong>\u015eirket<\/strong> (bu S\u00f6zle\u015fmede &#8220;\u015eirket&#8221;, &#8220;Biz&#8221;, &#8220;Bize&#8221; veya &#8220;Bizim&#8221; olarak an\u0131lacakt\u0131r), Yi\u011fito\u011flu Turizm \u0130n\u015f. Otom. San. \u0130\u00e7 ve D\u0131\u015f Tic. Ltd. \u015eti., Bah\u00e7elievler Mah. \u0130smail Yavuz Cad. No:19\/1 Ortahisar, \u00dcrg\u00fcp adresinde faaliyet g\u00f6stermektedir. <strong>Cihaz<\/strong>, bilgisayar, cep telefonu veya dijital tablet gibi Hizmet&#8217;e eri\u015febilen herhangi bir cihaz anlam\u0131na gelir. <strong>Hizmet<\/strong>, Web Sitesini ifade eder. \u015eartlar <strong>ve Ko\u015fullar<\/strong> (&#8220;\u015eartlar&#8221; olarak da an\u0131l\u0131r), Hizmetin kullan\u0131m\u0131na ili\u015fkin olarak Siz ve \u015eirket aras\u0131ndaki anla\u015fman\u0131n tamam\u0131n\u0131 olu\u015fturan bu \u015eartlar ve Ko\u015fullar anlam\u0131na gelir. <strong>\u00dc\u00e7\u00fcnc\u00fc Taraf Sosyal Medya Hizmeti<\/strong>, Hizmet taraf\u0131ndan g\u00f6r\u00fcnt\u00fclenebilen, dahil edilebilen veya kullan\u0131ma sunulabilen \u00fc\u00e7\u00fcnc\u00fc bir taraf\u00e7a sa\u011flanan herhangi bir hizmet veya i\u00e7erik (veri, bilgi, \u00fcr\u00fcn veya hizmetler dahil) anlam\u0131na gelir. <strong>Web sitesi<\/strong>, https:\/\/burcukayahotel.com\/ adresinden eri\u015filebilen Burcu Kaya Hotel&#8217;i ifade eder <strong>Siz<\/strong>, Hizmet&#8217;e eri\u015fen veya Hizmet&#8217;i kullanan ki\u015fi veya s\u00f6z konusu ki\u015finin Hizmet&#8217;e eri\u015fti\u011fi veya Hizmet&#8217;i kulland\u0131\u011f\u0131 \u015firket veya di\u011fer t\u00fczel ki\u015filik anlam\u0131na gelir.<\/p>\n<h2>Te\u015fekk\u00fcr<\/h2>\n<p>Bunlar, bu Hizmetin kullan\u0131m\u0131n\u0131 d\u00fczenleyen H\u00fck\u00fcm ve Ko\u015fullar ile Siz ve \u015eirket aras\u0131nda i\u015fleyen s\u00f6zle\u015fmedir. Bu H\u00fck\u00fcm ve Ko\u015fullar, t\u00fcm kullan\u0131c\u0131lar\u0131n Hizmetin kullan\u0131m\u0131na ili\u015fkin hak ve y\u00fck\u00fcml\u00fcl\u00fcklerini belirler. Hizmete eri\u015fiminiz ve Hizmeti kullan\u0131m\u0131n\u0131z, bu H\u00fck\u00fcm ve Ko\u015fullar\u0131 kabul etmeniz ve bunlara uyman\u0131z ko\u015fuluna ba\u011fl\u0131d\u0131r. Bu H\u00fck\u00fcm ve Ko\u015fullar, Hizmete eri\u015fen veya Hizmeti kullanan t\u00fcm ziyaret\u00e7iler, kullan\u0131c\u0131lar ve di\u011ferleri i\u00e7in ge\u00e7erlidir. Hizmete eri\u015ferek veya Hizmeti kullanarak bu H\u00fck\u00fcm ve Ko\u015fullara tabi olmay\u0131 kabul edersiniz. Bu H\u00fck\u00fcm ve Ko\u015fullar\u0131n herhangi bir b\u00f6l\u00fcm\u00fcne kat\u0131lm\u0131yorsan\u0131z, Hizmete eri\u015femezsiniz. Siz 18 ya\u015f\u0131n \u00fczerinde oldu\u011funuzu beyan edersiniz. \u015eirket, 18 ya\u015f\u0131ndan k\u00fc\u00e7\u00fcklerin Hizmeti kullanmas\u0131na izin vermez. Hizmete eri\u015fiminiz ve Hizmeti kullan\u0131m\u0131n\u0131z ayr\u0131ca \u015eirketin Gizlilik Politikas\u0131n\u0131 kabul etmeniz ve buna uyman\u0131z ko\u015fuluna ba\u011fl\u0131d\u0131r. Gizlilik Politikam\u0131z, Uygulamay\u0131 veya Web Sitesini kulland\u0131\u011f\u0131n\u0131zda ki\u015fisel bilgilerinizin toplanmas\u0131, kullan\u0131lmas\u0131 ve if\u015fa edilmesine ili\u015fkin politikalar\u0131m\u0131z\u0131 ve prosed\u00fcrlerimizi a\u00e7\u0131klar ve Size gizlilik haklar\u0131n\u0131z ve yasalar\u0131n Sizi nas\u0131l korudu\u011fu hakk\u0131nda bilgi verir. L\u00fctfen Hizmetimizi kullanmadan \u00f6nce Gizlilik Politikam\u0131z\u0131 dikkatlice okuyun.<\/p>\n<h2>Di\u011fer Web Sitelerine Ba\u011flant\u0131lar<\/h2>\n<p>Hizmetimiz, \u015eirkete ait olmayan veya \u015eirket taraf\u0131ndan kontrol edilmeyen \u00fc\u00e7\u00fcnc\u00fc taraf web sitelerine veya hizmetlerine ba\u011flant\u0131lar i\u00e7erebilir. \u015eirket, herhangi bir \u00fc\u00e7\u00fcnc\u00fc taraf web sitesinin veya hizmetinin i\u00e7eri\u011fi, gizlilik politikalar\u0131 veya uygulamalar\u0131 \u00fczerinde hi\u00e7bir kontrole sahip de\u011fildir ve bunlar i\u00e7in hi\u00e7bir sorumluluk kabul etmez. Ayr\u0131ca, \u015eirketin, bu t\u00fcr web sitelerinde veya hizmetlerde bulunan veya bunlar arac\u0131l\u0131\u011f\u0131yla sunulan bu t\u00fcr i\u00e7erik, mal veya hizmetlerin kullan\u0131m\u0131 veya bunlara g\u00fcvenilmesinden kaynaklanan veya bunlarla ba\u011flant\u0131l\u0131 oldu\u011fu iddia edilen herhangi bir hasar veya kay\u0131ptan do\u011frudan veya dolayl\u0131 olarak sorumlu veya y\u00fck\u00fcml\u00fc olmayaca\u011f\u0131n\u0131 kabul ve beyan edersiniz. Ziyaret etti\u011finiz t\u00fcm \u00fc\u00e7\u00fcnc\u00fc taraf web sitelerinin veya hizmetlerinin h\u00fck\u00fcm ve ko\u015fullar\u0131 ile gizlilik politikalar\u0131n\u0131 okuman\u0131z\u0131 \u00f6nemle tavsiye ederiz.<\/p>\n<h2>Fesih<\/h2>\n<p>Bu H\u00fck\u00fcm ve Ko\u015fullar\u0131 ihlal etmeniz dahil ancak bununla s\u0131n\u0131rl\u0131 olmamak \u00fczere herhangi bir nedenle, \u00f6nceden bildirimde bulunmaks\u0131z\u0131n veya y\u00fck\u00fcml\u00fcl\u00fck alt\u0131na girmeksizin eri\u015fiminizi derhal sonland\u0131rabilir veya ask\u0131ya alabiliriz. Fesih \u00fczerine, Hizmeti kullanma hakk\u0131n\u0131z derhal sona erecektir.<\/p>\n<h2>Sorumlulu\u011fun S\u0131n\u0131rland\u0131r\u0131lmas\u0131<\/h2>\n<p>U\u011frayabilece\u011finiz zararlara bak\u0131lmaks\u0131z\u0131n, \u015eirketin ve tedarik\u00e7ilerinin bu \u015eartlar\u0131n herhangi bir h\u00fckm\u00fc kapsam\u0131ndaki t\u00fcm sorumlulu\u011fu ve yukar\u0131da belirtilenlerin t\u00fcm\u00fc i\u00e7in m\u00fcnhas\u0131r \u00e7\u00f6z\u00fcm yolunuz, Hizmet arac\u0131l\u0131\u011f\u0131yla fiilen \u00f6dedi\u011finiz tutarla veya Hizmet arac\u0131l\u0131\u011f\u0131yla herhangi bir \u015fey sat\u0131n almad\u0131ysan\u0131z 100 USD ile s\u0131n\u0131rl\u0131 olacakt\u0131r. Y\u00fcr\u00fcrl\u00fckteki yasalar\u0131n izin verdi\u011fi azami \u00f6l\u00e7\u00fcde, \u015eirket veya tedarik\u00e7ileri hi\u00e7bir durumda herhangi bir \u00f6zel, ar\u0131zi, dolayl\u0131 veya sonu\u00e7 olarak ortaya \u00e7\u0131kan zararlardan (kar kayb\u0131, veri veya di\u011fer bilgi kayb\u0131, i\u015f kesintisi, ki\u015fisel yaralanma dahil ancak bunlarla s\u0131n\u0131rl\u0131 olmamak \u00fczere) sorumlu olmayacakt\u0131r, Hizmetin, \u00fc\u00e7\u00fcnc\u00fc taraf yaz\u0131l\u0131m\u0131n\u0131n ve\/veya Hizmetle birlikte kullan\u0131lan \u00fc\u00e7\u00fcnc\u00fc taraf donan\u0131m\u0131n\u0131n kullan\u0131m\u0131ndan veya kullan\u0131lamamas\u0131ndan kaynaklanan veya bunlarla herhangi bir \u015fekilde ilgili olan veya bu \u015eartlar\u0131n herhangi bir h\u00fckm\u00fcyle ba\u011flant\u0131l\u0131 olan gizlilik kayb\u0131), \u015eirket veya herhangi bir tedarik\u00e7i bu t\u00fcr zararlar\u0131n olas\u0131l\u0131\u011f\u0131 konusunda bilgilendirilmi\u015f olsa ve \u00e7\u00f6z\u00fcm temel amac\u0131n\u0131 yerine getiremese bile. Baz\u0131 eyaletler, z\u0131mni garantilerin hari\u00e7 tutulmas\u0131na veya ar\u0131zi veya dolayl\u0131 zararlar i\u00e7in sorumlulu\u011fun s\u0131n\u0131rland\u0131r\u0131lmas\u0131na izin vermez, bu da yukar\u0131daki s\u0131n\u0131rlamalardan baz\u0131lar\u0131n\u0131n ge\u00e7erli olmayabilece\u011fi anlam\u0131na gelir. Bu eyaletlerde, her bir taraf\u0131n sorumlulu\u011fu yasalar\u0131n izin verdi\u011fi en geni\u015f \u00f6l\u00e7\u00fcde s\u0131n\u0131rland\u0131r\u0131lacakt\u0131r.<\/p>\n<h2>&#8220;OLDU\u011eU G\u0130B\u0130&#8221; ve &#8220;MEVCUT OLDU\u011eU G\u0130B\u0130&#8221; Sorumluluk Reddi<\/h2>\n<p>Hizmet Size &#8220;OLDU\u011eU G\u0130B\u0130&#8221; ve &#8220;MEVCUT OLDU\u011eU G\u0130B\u0130&#8221; ve herhangi bir garanti olmaks\u0131z\u0131n t\u00fcm hatalar ve kusurlarla birlikte sa\u011flanmaktad\u0131r. Y\u00fcr\u00fcrl\u00fckteki yasalar\u0131n izin verdi\u011fi azami \u00f6l\u00e7\u00fcde, \u015eirket, kendi ad\u0131na ve Ba\u011fl\u0131 Kurulu\u015flar\u0131 ve onlar\u0131n ilgili lisans verenleri ve hizmet sa\u011flay\u0131c\u0131lar\u0131 ad\u0131na, t\u00fcm z\u0131mni sat\u0131labilirlik garantileri, belirli bir amaca uygunluk, m\u00fclkiyet ve ihlal etmeme garantileri ve i\u015flemlerin seyri, performans seyri, kullan\u0131m veya ticari uygulamalardan kaynaklanabilecek garantiler dahil olmak \u00fczere, Hizmetle ilgili olarak a\u00e7\u0131k, z\u0131mni, yasal veya ba\u015fka t\u00fcrl\u00fc t\u00fcm garantileri a\u00e7\u0131k\u00e7a reddeder. Yukar\u0131da belirtilenlerle s\u0131n\u0131rl\u0131 olmaks\u0131z\u0131n, \u015eirket, Hizmetin gereksinimlerinizi kar\u015f\u0131layaca\u011f\u0131na, ama\u00e7lanan sonu\u00e7lara ula\u015faca\u011f\u0131na, di\u011fer yaz\u0131l\u0131mlar, uygulamalar, sistemler veya hizmetlerle uyumlu olaca\u011f\u0131na veya \u00e7al\u0131\u015faca\u011f\u0131na, kesintisiz \u00e7al\u0131\u015faca\u011f\u0131na, herhangi bir performans veya g\u00fcvenilirlik standard\u0131n\u0131 kar\u015f\u0131layaca\u011f\u0131na veya hatas\u0131z olaca\u011f\u0131na veya herhangi bir hata veya kusurun d\u00fczeltilebilece\u011fine veya d\u00fczeltilece\u011fine dair hi\u00e7bir garanti veya taahh\u00fct vermez ve hi\u00e7bir beyanda bulunmaz. Yukar\u0131da belirtilenleri s\u0131n\u0131rlamaks\u0131z\u0131n, ne \u015eirket ne de \u015eirketin herhangi bir sa\u011flay\u0131c\u0131s\u0131, a\u00e7\u0131k veya z\u0131mni herhangi bir beyan veya garanti vermez: (i) Hizmetin i\u015fleyi\u015fi veya kullan\u0131labilirli\u011fi veya burada yer alan bilgiler, i\u00e7erik ve materyaller veya \u00fcr\u00fcnlerle ilgili olarak; (ii) Hizmetin kesintisiz veya hatas\u0131z olaca\u011f\u0131; (iii) Hizmet arac\u0131l\u0131\u011f\u0131yla sa\u011flanan herhangi bir bilgi veya i\u00e7eri\u011fin do\u011frulu\u011fu, g\u00fcvenilirli\u011fi veya g\u00fcncelli\u011fi ile ilgili olarak; veya (iv) Hizmetin, sunucular\u0131n\u0131n, i\u00e7eri\u011finin veya \u015eirketten veya \u015eirket ad\u0131na g\u00f6nderilen e-postalar\u0131n vir\u00fcs, komut dosyas\u0131, truva at\u0131, solucan, k\u00f6t\u00fc ama\u00e7l\u0131 yaz\u0131l\u0131m, zaman bombas\u0131 veya di\u011fer zararl\u0131 bile\u015fenlerden ar\u0131nm\u0131\u015f oldu\u011fu. Baz\u0131 yarg\u0131 b\u00f6lgeleri, belirli garanti t\u00fcrlerinin hari\u00e7 tutulmas\u0131na veya bir t\u00fcketicinin ge\u00e7erli yasal haklar\u0131na ili\u015fkin s\u0131n\u0131rlamalara izin vermez, bu nedenle yukar\u0131daki istisnalar\u0131n ve s\u0131n\u0131rlamalar\u0131n bir k\u0131sm\u0131 veya tamam\u0131 Sizin i\u00e7in ge\u00e7erli olmayabilir. Ancak b\u00f6yle bir durumda, bu b\u00f6l\u00fcmde belirtilen istisnalar ve s\u0131n\u0131rlamalar, y\u00fcr\u00fcrl\u00fckteki yasalar uyar\u0131nca uygulanabilecek en geni\u015f \u00f6l\u00e7\u00fcde uygulanacakt\u0131r.<\/p>\n<h2>Ge\u00e7erli Kanun<\/h2>\n<p>\u00dclkenin kanunlar\u0131, kanunlar ihtilaf\u0131 kurallar\u0131 hari\u00e7 olmak \u00fczere, bu \u015eartlar\u0131 ve Hizmeti kullan\u0131m\u0131n\u0131z\u0131 y\u00f6netecektir. Uygulamay\u0131 kullan\u0131m\u0131n\u0131z di\u011fer yerel, eyalet, ulusal veya uluslararas\u0131 yasalara da tabi olabilir.<\/p>\n<h2>Uyu\u015fmazl\u0131klar\u0131n \u00c7\u00f6z\u00fcm\u00fc<\/h2>\n<p>Hizmet hakk\u0131nda herhangi bir endi\u015feniz veya anla\u015fmazl\u0131\u011f\u0131n\u0131z varsa, \u00f6ncelikle \u015eirket ile ileti\u015fime ge\u00e7erek anla\u015fmazl\u0131\u011f\u0131 gayri resmi olarak \u00e7\u00f6zmeye \u00e7al\u0131\u015fmay\u0131 kabul edersiniz.<\/p>\n<h2>Avrupa Birli\u011fi (AB) Kullan\u0131c\u0131lar\u0131 \u0130\u00e7in<\/h2>\n<p>Avrupa Birli\u011fi t\u00fcketicisiyseniz, ikamet etti\u011finiz \u00fclkenin yasalar\u0131n\u0131n zorunlu h\u00fck\u00fcmlerinden yararlanacaks\u0131n\u0131z.<\/p>\n<h2>Amerika Birle\u015fik Devletleri Yasal Uygunluk<\/h2>\n<p>(i) Amerika Birle\u015fik Devletleri h\u00fck\u00fcmetinin ambargosuna tabi olan veya Amerika Birle\u015fik Devletleri h\u00fck\u00fcmeti taraf\u0131ndan &#8220;ter\u00f6r\u00fc destekleyen&#8221; bir \u00fclke olarak belirlenen bir \u00fclkede bulunmad\u0131\u011f\u0131n\u0131z\u0131 ve (ii) Amerika Birle\u015fik Devletleri h\u00fck\u00fcmetinin yasakl\u0131 veya k\u0131s\u0131tl\u0131 taraflar listesinde yer almad\u0131\u011f\u0131n\u0131z\u0131 beyan ve garanti edersiniz.<\/p>\n<h2>B\u00f6l\u00fcnebilirlik ve Feragat<\/h2>\n<h3>B\u00f6l\u00fcnebilirlik<\/h3>\n<p>Bu \u015eartlar\u0131n herhangi bir h\u00fckm\u00fcn\u00fcn uygulanamaz veya ge\u00e7ersiz oldu\u011funa karar verilirse, s\u00f6z konusu h\u00fck\u00fcm, y\u00fcr\u00fcrl\u00fckteki yasalar uyar\u0131nca m\u00fcmk\u00fcn olan en geni\u015f \u00f6l\u00e7\u00fcde s\u00f6z konusu h\u00fckm\u00fcn ama\u00e7lar\u0131n\u0131 ger\u00e7ekle\u015ftirecek \u015fekilde de\u011fi\u015ftirilecek ve yorumlanacak ve geri kalan h\u00fck\u00fcmler tam olarak y\u00fcr\u00fcrl\u00fckte kalmaya devam edecektir.<\/p>\n<h3>Feragatname<\/h3>\n<p>Burada belirtilenler d\u0131\u015f\u0131nda, bu Ko\u015fullar kapsam\u0131nda bir hakk\u0131n kullan\u0131lmamas\u0131 veya bir y\u00fck\u00fcml\u00fcl\u00fc\u011f\u00fcn yerine getirilmesinin talep edilmemesi, taraflardan birinin daha sonra herhangi bir zamanda s\u00f6z konusu hakk\u0131 kullanma veya s\u00f6z konusu edimi yerine getirmesini talep etme kabiliyetini etkilemeyecek veya bir ihlalden feragat edilmesi, sonraki herhangi bir ihlalden feragat edildi\u011fi anlam\u0131na gelmeyecektir.<\/p>\n<h2>\u00c7eviri Terc\u00fcme<\/h2>\n<p>Bu H\u00fck\u00fcm ve Ko\u015fullar, Hizmetimizde Size sunmu\u015f olmam\u0131z halinde terc\u00fcme edilmi\u015f olabilir. Bir anla\u015fmazl\u0131k durumunda orijinal \u0130ngilizce metnin ge\u00e7erli olaca\u011f\u0131n\u0131 kabul edersiniz.<\/p>\n<h2>Bu H\u00fck\u00fcm ve Ko\u015fullarda Yap\u0131lan De\u011fi\u015fiklikler<\/h2>\n<p>Tamamen kendi takdirimize ba\u011fl\u0131 olarak, bu \u015eartlar\u0131 herhangi bir zamanda de\u011fi\u015ftirme veya de\u011fi\u015ftirme hakk\u0131m\u0131z\u0131 sakl\u0131 tutar\u0131z. Bir revizyon \u00f6nemliyse, yeni \u015fartlar\u0131n y\u00fcr\u00fcrl\u00fc\u011fe girmesinden \u00f6nce en az 30 g\u00fcn \u00f6nceden bildirimde bulunmak i\u00e7in makul \u00e7abay\u0131 g\u00f6sterece\u011fiz. Neyin \u00f6nemli bir de\u011fi\u015fiklik te\u015fkil etti\u011fi tamamen Bizim takdirimize ba\u011fl\u0131 olarak belirlenecektir. Bu revizyonlar y\u00fcr\u00fcrl\u00fc\u011fe girdikten sonra Hizmetimize eri\u015fmeye veya kullanmaya devam ederek, revize edilmi\u015f \u015fartlara ba\u011fl\u0131 kalmay\u0131 kabul edersiniz. Yeni \u015fartlar\u0131 k\u0131smen veya tamamen kabul etmiyorsan\u0131z, l\u00fctfen web sitesini ve Hizmeti kullanmay\u0131 b\u0131rak\u0131n.<\/p>\n<h2>Bize Ula\u015f\u0131n<\/h2>\n<p>Bu H\u00fck\u00fcm ve Ko\u015fullar hakk\u0131nda herhangi bir sorunuz varsa, bizimle ileti\u015fime ge\u00e7ebilirsiniz: E-posta ile: info@burcukayahotel.com Web sitemizdeki bu sayfay\u0131 ziyaret ederek: https:\/\/burcukayahotel.com\/contact\/ Telefon numaras\u0131 ile: +90 384 343 32 00<\/p>\n","protected":false},"excerpt":{"rendered":"<p>H\u00fck\u00fcm ve Ko\u015fullar Son g\u00fcncelleme: 27 Kas\u0131m 2024 L\u00fctfen Hizmetimizi kullanmadan \u00f6nce bu h\u00fck\u00fcm ve ko\u015fullar\u0131 dikkatlice okuyun. Yorum ve Tan\u0131mlar Yorumlama Ba\u015f harfi b\u00fcy\u00fck olan kelimeler a\u015fa\u011f\u0131daki ko\u015fullar alt\u0131nda tan\u0131mlanan anlamlara sahiptir. A\u015fa\u011f\u0131daki tan\u0131mlar, tekil veya \u00e7o\u011ful olarak g\u00f6r\u00fcnmelerine bak\u0131lmaks\u0131z\u0131n ayn\u0131 anlama gelecektir. Tan\u0131mlar Bu H\u00fck\u00fcm ve Ko\u015fullar\u0131n ama\u00e7lar\u0131 do\u011frultusunda: \u0130\u015ftirak, bir taraf\u0131 kontrol [&hellip;]<\/p>\n","protected":false},"author":2,"featured_media":0,"parent":0,"menu_order":0,"comment_status":"closed","ping_status":"closed","template":"","meta":{"footnotes":""},"class_list":["post-16550","page","type-page","status-publish","hentry"],"_links":{"self":[{"href":"https:\/\/burcukayahotel.com\/tr\/wp-json\/wp\/v2\/pages\/16550","targetHints":{"allow":["GET"]}}],"collection":[{"href":"https:\/\/burcukayahotel.com\/tr\/wp-json\/wp\/v2\/pages"}],"about":[{"href":"https:\/\/burcukayahotel.com\/tr\/wp-json\/wp\/v2\/types\/page"}],"author":[{"embeddable":true,"href":"https:\/\/burcukayahotel.com\/tr\/wp-json\/wp\/v2\/users\/2"}],"replies":[{"embeddable":true,"href":"https:\/\/burcukayahotel.com\/tr\/wp-json\/wp\/v2\/comments?post=16550"}],"version-history":[{"count":0,"href":"https:\/\/burcukayahotel.com\/tr\/wp-json\/wp\/v2\/pages\/16550\/revisions"}],"wp:attachment":[{"href":"https:\/\/burcukayahotel.com\/tr\/wp-json\/wp\/v2\/media?parent=16550"}],"curies":[{"name":"wp","href":"https:\/\/api.w.org\/{rel}","templated":true}]}}